{"id":35,"date":"2022-02-08T18:13:47","date_gmt":"2022-02-08T18:13:47","guid":{"rendered":"https:\/\/psiquiatria.facmed.unam.mx\/?page_id=35"},"modified":"2022-02-23T19:50:40","modified_gmt":"2022-02-23T19:50:40","slug":"contacto","status":"publish","type":"page","link":"https:\/\/psiquiatria.facmed.unam.mx\/index.php\/contacto\/","title":{"rendered":"contacto"},"content":{"rendered":"<p>[et_pb_section fb_built=\u00bb1&#8243; _builder_version=\u00bb4.14.7&#8243; _module_preset=\u00bbdefault\u00bb background_color=\u00bb#8e009b\u00bb global_colors_info=\u00bb{}\u00bb][et_pb_row _builder_version=\u00bb4.14.7&#8243; _module_preset=\u00bbdefault\u00bb global_colors_info=\u00bb{}\u00bb][et_pb_column type=\u00bb4_4&#8243; _builder_version=\u00bb4.14.7&#8243; _module_preset=\u00bbdefault\u00bb global_colors_info=\u00bb{}\u00bb][et_pb_text _builder_version=\u00bb4.14.7&#8243; _module_preset=\u00bbdefault\u00bb header_text_color=\u00bb#FFFFFF\u00bb global_colors_info=\u00bb{}\u00bb]<\/p>\n<h1><span>Contacta a tu especialista, env\u00eda un correo electr\u00f3nico.\u00a0<\/span><\/h1>\n<p>[\/et_pb_text][\/et_pb_column][\/et_pb_row][\/et_pb_section][et_pb_section fb_built=\u00bb1&#8243; _builder_version=\u00bb4.14.7&#8243; _module_preset=\u00bbdefault\u00bb global_colors_info=\u00bb{}\u00bb][et_pb_row column_structure=\u00bb1_3,1_3,1_3&#8243; _builder_version=\u00bb4.14.7&#8243; _module_preset=\u00bbdefault\u00bb global_colors_info=\u00bb{}\u00bb][et_pb_column type=\u00bb1_3&#8243; _builder_version=\u00bb4.14.7&#8243; _module_preset=\u00bbdefault\u00bb global_colors_info=\u00bb{}\u00bb][et_pb_text _builder_version=\u00bb4.14.7&#8243; _module_preset=\u00bbdefault\u00bb text_font=\u00bb|700|||||||\u00bb header_font=\u00bb|700|||||||\u00bb background_color=\u00bb#0c9ed3&#8243; custom_padding=\u00bb30px|20px|30px|20px|false|false\u00bb link_option_url=\u00bbhttps:\/\/sistemasib.facmed.unam.mx\/saludMental\/soporte\/index.php?a=add\u00bb border_radii=\u00bbon|20px|20px|20px|20px\u00bb global_colors_info=\u00bb{}\u00bb]<\/p>\n<h1 style=\"text-align: center;\"><a href=\"https:\/\/sistemasib.facmed.unam.mx\/saludMental\/soporte\/index.php?a=add\"><span style=\"color: #ffffff; font-size: large;\">Para dudas, solicitudes y comentarios referentes a la Cl\u00ednica del Programa de Salud Mental da click aqu\u00ed.<\/span><\/a><\/h1>\n<p>[\/et_pb_text][\/et_pb_column][et_pb_column type=\u00bb1_3&#8243; _builder_version=\u00bb4.14.7&#8243; _module_preset=\u00bbdefault\u00bb global_colors_info=\u00bb{}\u00bb][et_pb_text _builder_version=\u00bb4.14.7&#8243; _module_preset=\u00bbdefault\u00bb text_font=\u00bb|700|||||||\u00bb header_font=\u00bb|700|||||||\u00bb background_color=\u00bb#E09900&#8243; custom_padding=\u00bb30px|20px|30px|20px|false|false\u00bb border_radii=\u00bbon|20px|20px|20px|20px\u00bb global_colors_info=\u00bb{}\u00bb]<\/p>\n<h1 style=\"text-align: center;\"><span style=\"color: #ffffff;\">Cl\u00ednica para la Atenci\u00f3n Integral de las Adicciones\u00a0<\/span><\/h1>\n<p style=\"text-align: center;\"><span style=\"color: #ffffff;\">clinica_adicciones@ facmed.unam.mx<\/span><\/p>\n<p>[\/et_pb_text][\/et_pb_column][et_pb_column type=\u00bb1_3&#8243; _builder_version=\u00bb4.14.7&#8243; _module_preset=\u00bbdefault\u00bb global_colors_info=\u00bb{}\u00bb][et_pb_text _builder_version=\u00bb4.14.7&#8243; _module_preset=\u00bbdefault\u00bb text_font=\u00bb|700|||||||\u00bb header_font=\u00bb|700|||||||\u00bb background_color=\u00bb#084593&#8243; custom_padding=\u00bb30px|20px|30px|20px|false|false\u00bb border_radii=\u00bbon|20px|20px|20px|20px\u00bb global_colors_info=\u00bb{}\u00bb]<\/p>\n<h1 style=\"text-align: center;\"><span style=\"color: #ffffff;\">Cl\u00ednica de Atenci\u00f3n a la Violencia de G\u00e9nero<\/span><\/h1>\n<p style=\"text-align: center;\"><span style=\"color: #ffffff;\">clinicadegenero@ facmed.unam.mx<\/span><\/p>\n<p>[\/et_pb_text][\/et_pb_column][\/et_pb_row][\/et_pb_section]<\/p>\n","protected":false},"excerpt":{"rendered":"<p>Contacta a tu especialista, env\u00eda un correo electr\u00f3nico.\u00a0Para dudas, solicitudes y comentarios referentes a la Cl\u00ednica del Programa de Salud Mental da click aqu\u00ed.Cl\u00ednica para la Atenci\u00f3n Integral de las Adicciones\u00a0 clinica_adicciones@ facmed.unam.mxCl\u00ednica de Atenci\u00f3n a la Violencia de G\u00e9nero clinicadegenero@ facmed.unam.mx<\/p>\n","protected":false},"author":1,"featured_media":0,"parent":0,"menu_order":0,"comment_status":"closed","ping_status":"closed","template":"","meta":{"_et_pb_use_builder":"on","_et_pb_old_content":"","_et_gb_content_width":"","ngg_post_thumbnail":0,"footnotes":""},"class_list":["post-35","page","type-page","status-publish","hentry"],"jetpack_sharing_enabled":true,"_links":{"self":[{"href":"https:\/\/psiquiatria.facmed.unam.mx\/index.php\/wp-json\/wp\/v2\/pages\/35","targetHints":{"allow":["GET"]}}],"collection":[{"href":"https:\/\/psiquiatria.facmed.unam.mx\/index.php\/wp-json\/wp\/v2\/pages"}],"about":[{"href":"https:\/\/psiquiatria.facmed.unam.mx\/index.php\/wp-json\/wp\/v2\/types\/page"}],"author":[{"embeddable":true,"href":"https:\/\/psiquiatria.facmed.unam.mx\/index.php\/wp-json\/wp\/v2\/users\/1"}],"replies":[{"embeddable":true,"href":"https:\/\/psiquiatria.facmed.unam.mx\/index.php\/wp-json\/wp\/v2\/comments?post=35"}],"version-history":[{"count":11,"href":"https:\/\/psiquiatria.facmed.unam.mx\/index.php\/wp-json\/wp\/v2\/pages\/35\/revisions"}],"predecessor-version":[{"id":331,"href":"https:\/\/psiquiatria.facmed.unam.mx\/index.php\/wp-json\/wp\/v2\/pages\/35\/revisions\/331"}],"wp:attachment":[{"href":"https:\/\/psiquiatria.facmed.unam.mx\/index.php\/wp-json\/wp\/v2\/media?parent=35"}],"curies":[{"name":"wp","href":"https:\/\/api.w.org\/{rel}","templated":true}]}}